{"id":92,"date":"2015-04-30T14:07:36","date_gmt":"2015-04-30T14:07:36","guid":{"rendered":"https:\/\/makemeanamerican.wordpress.com\/?page_id=92"},"modified":"2015-07-01T21:46:48","modified_gmt":"2015-07-01T19:46:48","slug":"about-pppcbyx-2","status":"publish","type":"page","link":"https:\/\/www.32ppp.de\/abilz\/about-pppcbyx-2\/","title":{"rendered":"About PPP\/CBYX"},"content":{"rendered":"<p>Im September 1983 vereinbarten der Kongress der Vereinigten Staaten von Amerika und der Deutsche Bundestag einen beidseitigen Jugendaustausch, das Parlamentarische Patenschafts-Programm (PPP), das in den USA\u00a0<span lang=\"en\" xml:lang=\"en\">Congress <\/span>Bundestag<span lang=\"en\" xml:lang=\"en\"> Youth Exchange (CBYX)<\/span> hei\u00dft. Anlass hierzu war der 300. Jahrestag der ersten deutschen Einwanderung nach Amerika.<\/p>\n<p>N\u00e4here Programminfos, Teilnahmevoraussetzungen und Bewerbungsfristen findet ihr <a title=\"hier\" href=\"http:\/\/www.bundestag.de\/ppp\" target=\"_blank\"><span style=\"color: #0000ff;\">hier<\/span><\/a> und <a title=\"hier\" href=\"https:\/\/gc21.giz.de\/ibt\/de\/usr\/modules\/gc21\/ws-FLEXpppusa\/info\/ibt\/index.sxhtml\" target=\"_blank\"><span style=\"color: #0000ff;\">hier<\/span><\/a>.<\/p>\n<h3><\/h3>\n<h3>Ein &#8222;About&#8220; Film zum PPP\/CBYX f\u00fcr sog. junge Berufst\u00e4tige Teilnehmer<\/h3>\n<h3><\/h3>\n<div class=\"jetpack-video-wrapper\"><span class=\"embed-youtube\" style=\"text-align:center; display: block;\"><iframe loading=\"lazy\" class=\"youtube-player\" width=\"660\" height=\"372\" src=\"https:\/\/www.youtube.com\/embed\/MvUTYwGQfcY?version=3&#038;rel=1&#038;showsearch=0&#038;showinfo=1&#038;iv_load_policy=1&#038;fs=1&#038;hl=de-DE&#038;autohide=2&#038;wmode=transparent\" allowfullscreen=\"true\" style=\"border:0;\" sandbox=\"allow-scripts allow-same-origin allow-popups allow-presentation allow-popups-to-escape-sandbox\"><\/iframe><\/span><\/div>\n<h3><\/h3>\n<h3>Ein Imagefilm des PPP Alumnivereins<\/h3>\n<h3><\/h3>\n<div class=\"jetpack-video-wrapper\"><span class=\"embed-youtube\" style=\"text-align:center; display: block;\"><iframe loading=\"lazy\" class=\"youtube-player\" width=\"660\" height=\"372\" src=\"https:\/\/www.youtube.com\/embed\/YghqgEtBSjc?version=3&#038;rel=1&#038;showsearch=0&#038;showinfo=1&#038;iv_load_policy=1&#038;fs=1&#038;hl=de-DE&#038;autohide=2&#038;wmode=transparent\" allowfullscreen=\"true\" style=\"border:0;\" sandbox=\"allow-scripts allow-same-origin allow-popups allow-presentation allow-popups-to-escape-sandbox\"><\/iframe><\/span><\/div>\n<p>&nbsp;<\/p>\n<p>\u00dcbrigens k\u00f6nnen nicht nur junge Berufst\u00e4tige am PPP Programm teilnehmen sondern auch Sch\u00fcler die noch unter 18 Jahre alt sind. Mehr dazu <a title=\"PPP f\u00fcr Sch\u00fcler\" href=\"http:\/\/bundestag.de\/bundestag\/europa_internationales\/internat_austausch\/ppp\/basisinfo_schueler\/272812\" target=\"_blank\">hier<\/a>.<\/p>\n","protected":false},"excerpt":{"rendered":"<p>Im September 1983 vereinbarten der Kongress der Vereinigten Staaten von Amerika und der Deutsche Bundestag einen beidseitigen Jugendaustausch, das Parlamentarische Patenschafts-Programm (PPP), das in den USA\u00a0Congress Bundestag Youth Exchange (CBYX) hei\u00dft. Anlass hierzu war der 300. Jahrestag der ersten deutschen Einwanderung nach Amerika. N\u00e4here Programminfos, Teilnahmevoraussetzungen und Bewerbungsfristen findet ihr hier und hier. Ein &#8222;About&#8220; &hellip; <a href=\"https:\/\/www.32ppp.de\/abilz\/about-pppcbyx-2\/\" class=\"more-link\"><span class=\"screen-reader-text\">About PPP\/CBYX<\/span> weiterlesen<\/a><\/p>\n","protected":false},"author":9,"featured_media":94,"parent":0,"menu_order":0,"comment_status":"open","ping_status":"open","template":"","meta":{"jetpack_post_was_ever_published":false,"footnotes":""},"class_list":["post-92","page","type-page","status-publish","has-post-thumbnail","hentry"],"yoast_head":"<!-- This site is optimized with the Yoast SEO plugin v27.4 - https:\/\/yoast.com\/product\/yoast-seo-wordpress\/ -->\n<title>Informationen zum PPP\/CBYX Program (About)<\/title>\n<meta name=\"description\" content=\"Wertvolle Informationen zum Parlamentarisches Patenschafts Programm. Auf dieser Seite About Seite findet Ihr einige interessante Videos und Fakten zum PPP.\" \/>\n<meta name=\"robots\" content=\"index, follow, max-snippet:-1, max-image-preview:large, max-video-preview:-1\" \/>\n<link rel=\"canonical\" href=\"https:\/\/www.32ppp.de\/abilz\/about-pppcbyx-2\/\" \/>\n<meta property=\"og:locale\" content=\"de_DE\" \/>\n<meta property=\"og:type\" content=\"article\" \/>\n<meta property=\"og:title\" content=\"Informationen zum PPP\/CBYX Program (About)\" \/>\n<meta property=\"og:description\" content=\"Wertvolle Informationen zum Parlamentarisches Patenschafts Programm. Auf dieser Seite About Seite findet Ihr einige interessante Videos und Fakten zum PPP.\" \/>\n<meta property=\"og:url\" content=\"https:\/\/www.32ppp.de\/abilz\/about-pppcbyx-2\/\" \/>\n<meta property=\"og:site_name\" content=\"PPP Auslandsjahr USA 2015\/2016\" \/>\n<meta property=\"article:publisher\" content=\"http:\/\/www.facebook.com\/alex.bilz.5\" \/>\n<meta property=\"article:modified_time\" content=\"2015-07-01T19:46:48+00:00\" \/>\n<meta property=\"og:image\" content=\"https:\/\/www.32ppp.de\/abilz\/wp-content\/uploads\/sites\/14\/2015\/04\/logo-data.jpg\" \/>\n\t<meta property=\"og:image:width\" content=\"182\" \/>\n\t<meta property=\"og:image:height\" content=\"108\" \/>\n\t<meta property=\"og:image:type\" content=\"image\/jpeg\" \/>\n<meta name=\"twitter:card\" content=\"summary_large_image\" \/>\n<meta name=\"twitter:label1\" content=\"Gesch\u00e4tzte Lesezeit\" \/>\n\t<meta name=\"twitter:data1\" content=\"1\u00a0Minute\" \/>\n<script type=\"application\/ld+json\" class=\"yoast-schema-graph\">{\"@context\":\"https:\\\/\\\/schema.org\",\"@graph\":[{\"@type\":\"WebPage\",\"@id\":\"https:\\\/\\\/www.32ppp.de\\\/abilz\\\/about-pppcbyx-2\\\/\",\"url\":\"https:\\\/\\\/www.32ppp.de\\\/abilz\\\/about-pppcbyx-2\\\/\",\"name\":\"Informationen zum PPP\\\/CBYX Program (About)\",\"isPartOf\":{\"@id\":\"https:\\\/\\\/www.32ppp.de\\\/abilz\\\/#website\"},\"primaryImageOfPage\":{\"@id\":\"https:\\\/\\\/www.32ppp.de\\\/abilz\\\/about-pppcbyx-2\\\/#primaryimage\"},\"image\":{\"@id\":\"https:\\\/\\\/www.32ppp.de\\\/abilz\\\/about-pppcbyx-2\\\/#primaryimage\"},\"thumbnailUrl\":\"https:\\\/\\\/www.32ppp.de\\\/abilz\\\/wp-content\\\/uploads\\\/sites\\\/14\\\/2015\\\/04\\\/logo-data.jpg\",\"datePublished\":\"2015-04-30T14:07:36+00:00\",\"dateModified\":\"2015-07-01T19:46:48+00:00\",\"description\":\"Wertvolle Informationen zum Parlamentarisches Patenschafts Programm. Auf dieser Seite About Seite findet Ihr einige interessante Videos und Fakten zum PPP.\",\"breadcrumb\":{\"@id\":\"https:\\\/\\\/www.32ppp.de\\\/abilz\\\/about-pppcbyx-2\\\/#breadcrumb\"},\"inLanguage\":\"de\",\"potentialAction\":[{\"@type\":\"ReadAction\",\"target\":[\"https:\\\/\\\/www.32ppp.de\\\/abilz\\\/about-pppcbyx-2\\\/\"]}]},{\"@type\":\"ImageObject\",\"inLanguage\":\"de\",\"@id\":\"https:\\\/\\\/www.32ppp.de\\\/abilz\\\/about-pppcbyx-2\\\/#primaryimage\",\"url\":\"https:\\\/\\\/www.32ppp.de\\\/abilz\\\/wp-content\\\/uploads\\\/sites\\\/14\\\/2015\\\/04\\\/logo-data.jpg\",\"contentUrl\":\"https:\\\/\\\/www.32ppp.de\\\/abilz\\\/wp-content\\\/uploads\\\/sites\\\/14\\\/2015\\\/04\\\/logo-data.jpg\",\"width\":182,\"height\":108,\"caption\":\"PPP Logo\"},{\"@type\":\"BreadcrumbList\",\"@id\":\"https:\\\/\\\/www.32ppp.de\\\/abilz\\\/about-pppcbyx-2\\\/#breadcrumb\",\"itemListElement\":[{\"@type\":\"ListItem\",\"position\":1,\"name\":\"Startseite\",\"item\":\"https:\\\/\\\/www.32ppp.de\\\/abilz\\\/\"},{\"@type\":\"ListItem\",\"position\":2,\"name\":\"About PPP\\\/CBYX\"}]},{\"@type\":\"WebSite\",\"@id\":\"https:\\\/\\\/www.32ppp.de\\\/abilz\\\/#website\",\"url\":\"https:\\\/\\\/www.32ppp.de\\\/abilz\\\/\",\"name\":\"PPP Auslandsjahr USA 2015\\\/2016\",\"description\":\"Erfahrungen und Erlebnisse aus einem Jahr 32. PPP\",\"potentialAction\":[{\"@type\":\"SearchAction\",\"target\":{\"@type\":\"EntryPoint\",\"urlTemplate\":\"https:\\\/\\\/www.32ppp.de\\\/abilz\\\/?s={search_term_string}\"},\"query-input\":{\"@type\":\"PropertyValueSpecification\",\"valueRequired\":true,\"valueName\":\"search_term_string\"}}],\"inLanguage\":\"de\"}]}<\/script>\n<!-- \/ Yoast SEO plugin. -->","yoast_head_json":{"title":"Informationen zum PPP\/CBYX Program (About)","description":"Wertvolle Informationen zum Parlamentarisches Patenschafts Programm. Auf dieser Seite About Seite findet Ihr einige interessante Videos und Fakten zum PPP.","robots":{"index":"index","follow":"follow","max-snippet":"max-snippet:-1","max-image-preview":"max-image-preview:large","max-video-preview":"max-video-preview:-1"},"canonical":"https:\/\/www.32ppp.de\/abilz\/about-pppcbyx-2\/","og_locale":"de_DE","og_type":"article","og_title":"Informationen zum PPP\/CBYX Program (About)","og_description":"Wertvolle Informationen zum Parlamentarisches Patenschafts Programm. Auf dieser Seite About Seite findet Ihr einige interessante Videos und Fakten zum PPP.","og_url":"https:\/\/www.32ppp.de\/abilz\/about-pppcbyx-2\/","og_site_name":"PPP Auslandsjahr USA 2015\/2016","article_publisher":"http:\/\/www.facebook.com\/alex.bilz.5","article_modified_time":"2015-07-01T19:46:48+00:00","og_image":[{"width":182,"height":108,"url":"https:\/\/www.32ppp.de\/abilz\/wp-content\/uploads\/sites\/14\/2015\/04\/logo-data.jpg","type":"image\/jpeg"}],"twitter_card":"summary_large_image","twitter_misc":{"Gesch\u00e4tzte Lesezeit":"1\u00a0Minute"},"schema":{"@context":"https:\/\/schema.org","@graph":[{"@type":"WebPage","@id":"https:\/\/www.32ppp.de\/abilz\/about-pppcbyx-2\/","url":"https:\/\/www.32ppp.de\/abilz\/about-pppcbyx-2\/","name":"Informationen zum PPP\/CBYX Program (About)","isPartOf":{"@id":"https:\/\/www.32ppp.de\/abilz\/#website"},"primaryImageOfPage":{"@id":"https:\/\/www.32ppp.de\/abilz\/about-pppcbyx-2\/#primaryimage"},"image":{"@id":"https:\/\/www.32ppp.de\/abilz\/about-pppcbyx-2\/#primaryimage"},"thumbnailUrl":"https:\/\/www.32ppp.de\/abilz\/wp-content\/uploads\/sites\/14\/2015\/04\/logo-data.jpg","datePublished":"2015-04-30T14:07:36+00:00","dateModified":"2015-07-01T19:46:48+00:00","description":"Wertvolle Informationen zum Parlamentarisches Patenschafts Programm. Auf dieser Seite About Seite findet Ihr einige interessante Videos und Fakten zum PPP.","breadcrumb":{"@id":"https:\/\/www.32ppp.de\/abilz\/about-pppcbyx-2\/#breadcrumb"},"inLanguage":"de","potentialAction":[{"@type":"ReadAction","target":["https:\/\/www.32ppp.de\/abilz\/about-pppcbyx-2\/"]}]},{"@type":"ImageObject","inLanguage":"de","@id":"https:\/\/www.32ppp.de\/abilz\/about-pppcbyx-2\/#primaryimage","url":"https:\/\/www.32ppp.de\/abilz\/wp-content\/uploads\/sites\/14\/2015\/04\/logo-data.jpg","contentUrl":"https:\/\/www.32ppp.de\/abilz\/wp-content\/uploads\/sites\/14\/2015\/04\/logo-data.jpg","width":182,"height":108,"caption":"PPP Logo"},{"@type":"BreadcrumbList","@id":"https:\/\/www.32ppp.de\/abilz\/about-pppcbyx-2\/#breadcrumb","itemListElement":[{"@type":"ListItem","position":1,"name":"Startseite","item":"https:\/\/www.32ppp.de\/abilz\/"},{"@type":"ListItem","position":2,"name":"About PPP\/CBYX"}]},{"@type":"WebSite","@id":"https:\/\/www.32ppp.de\/abilz\/#website","url":"https:\/\/www.32ppp.de\/abilz\/","name":"PPP Auslandsjahr USA 2015\/2016","description":"Erfahrungen und Erlebnisse aus einem Jahr 32. PPP","potentialAction":[{"@type":"SearchAction","target":{"@type":"EntryPoint","urlTemplate":"https:\/\/www.32ppp.de\/abilz\/?s={search_term_string}"},"query-input":{"@type":"PropertyValueSpecification","valueRequired":true,"valueName":"search_term_string"}}],"inLanguage":"de"}]}},"jetpack_sharing_enabled":true,"jetpack_shortlink":"https:\/\/wp.me\/P6fzaQ-1u","jetpack-related-posts":[{"id":154,"url":"https:\/\/www.32ppp.de\/abilz\/startseite-2\/","url_meta":{"origin":92,"position":0},"title":"Startseite","author":"Alexander Bilz","date":"26. Mai 2015","format":false,"excerpt":"Letzte Beitr\u00e4ge Postkarte aus Seattle Flug nach New York Letzte Vorbereitungen f\u00fcr mein Auslandsjahr Meine Platzierung Meine 4 Buch Tipps USA Wer blogt hier? Ich hei\u00dfe Alexander, bin 20 Jahre alt und wohne im S\u00fcden Deutschlands in der N\u00e4he von Augsburg. Ich werde als Stipendiat im Rahmen des Parlamentarischen Patenschafts-Programms\u2026","rel":"","context":"\u00c4hnlicher Beitrag","block_context":{"text":"\u00c4hnlicher Beitrag","link":""},"img":{"alt_text":"","src":"","width":0,"height":0},"classes":[]},{"id":13,"url":"https:\/\/www.32ppp.de\/abilz\/about\/","url_meta":{"origin":92,"position":1},"title":"About Me","author":"Alexander Bilz","date":"8. Februar 2015","format":false,"excerpt":"Ever tried. Ever failed. No matter. Try again. Fail again. Fail better. by S. Beckett \u00a0 In nachfolgender Tabelle habe ich mal die wichtigsten Fakten zu mir aufgef\u00fchrt. Name Alter Beruf Wahlkreis Platzierungsort College Alexander Bilz 20 Informatikkaufmann 254 Sitka, AK University of South East Alaska In diesem Blog will\u2026","rel":"","context":"\u00c4hnlicher Beitrag","block_context":{"text":"\u00c4hnlicher Beitrag","link":""},"img":{"alt_text":"32. PPP Alexander Bilz Auslandsjahr","src":"https:\/\/i0.wp.com\/www.32ppp.de\/abilz\/wp-content\/uploads\/sites\/14\/2015\/02\/Alaska_1.jpg?resize=350%2C200&ssl=1","width":350,"height":200,"srcset":"https:\/\/i0.wp.com\/www.32ppp.de\/abilz\/wp-content\/uploads\/sites\/14\/2015\/02\/Alaska_1.jpg?resize=350%2C200&ssl=1 1x, https:\/\/i0.wp.com\/www.32ppp.de\/abilz\/wp-content\/uploads\/sites\/14\/2015\/02\/Alaska_1.jpg?resize=525%2C300&ssl=1 1.5x, https:\/\/i0.wp.com\/www.32ppp.de\/abilz\/wp-content\/uploads\/sites\/14\/2015\/02\/Alaska_1.jpg?resize=700%2C400&ssl=1 2x, https:\/\/i0.wp.com\/www.32ppp.de\/abilz\/wp-content\/uploads\/sites\/14\/2015\/02\/Alaska_1.jpg?resize=1050%2C600&ssl=1 3x, https:\/\/i0.wp.com\/www.32ppp.de\/abilz\/wp-content\/uploads\/sites\/14\/2015\/02\/Alaska_1.jpg?resize=1400%2C800&ssl=1 4x"},"classes":[]},{"id":384,"url":"https:\/\/www.32ppp.de\/abilz\/meine-besuchten-orte\/","url_meta":{"origin":92,"position":2},"title":"Meine besuchten Orte","author":"Alexander Bilz","date":"21. Juli 2015","format":false,"excerpt":"Auf der Karte unterhalb k\u00f6nnt Ihr sehen, welche Orte ich bereits in den USA bereist habe. Da die Karte regelm\u00e4\u00dfig aktualisiert wird, lohnt es sich immer wieder vorbei zu schauen. Hier noch ein kleiner Screenshot f\u00fcr alle, die Probleme mit der Darstellung der interaktiven Karte oberhalb haben.","rel":"","context":"\u00c4hnlicher Beitrag","block_context":{"text":"\u00c4hnlicher Beitrag","link":""},"img":{"alt_text":"","src":"https:\/\/i0.wp.com\/www.32ppp.de\/abilz\/wp-content\/uploads\/sites\/14\/2015\/07\/Screen-Shot-2015-11-28-at-13.16.34-1024x570.png?resize=350%2C200","width":350,"height":200,"srcset":"https:\/\/i0.wp.com\/www.32ppp.de\/abilz\/wp-content\/uploads\/sites\/14\/2015\/07\/Screen-Shot-2015-11-28-at-13.16.34-1024x570.png?resize=350%2C200 1x, https:\/\/i0.wp.com\/www.32ppp.de\/abilz\/wp-content\/uploads\/sites\/14\/2015\/07\/Screen-Shot-2015-11-28-at-13.16.34-1024x570.png?resize=525%2C300 1.5x, https:\/\/i0.wp.com\/www.32ppp.de\/abilz\/wp-content\/uploads\/sites\/14\/2015\/07\/Screen-Shot-2015-11-28-at-13.16.34-1024x570.png?resize=700%2C400 2x"},"classes":[]}],"jetpack_likes_enabled":true,"_links":{"self":[{"href":"https:\/\/www.32ppp.de\/abilz\/wp-json\/wp\/v2\/pages\/92","targetHints":{"allow":["GET"]}}],"collection":[{"href":"https:\/\/www.32ppp.de\/abilz\/wp-json\/wp\/v2\/pages"}],"about":[{"href":"https:\/\/www.32ppp.de\/abilz\/wp-json\/wp\/v2\/types\/page"}],"author":[{"embeddable":true,"href":"https:\/\/www.32ppp.de\/abilz\/wp-json\/wp\/v2\/users\/9"}],"replies":[{"embeddable":true,"href":"https:\/\/www.32ppp.de\/abilz\/wp-json\/wp\/v2\/comments?post=92"}],"version-history":[{"count":4,"href":"https:\/\/www.32ppp.de\/abilz\/wp-json\/wp\/v2\/pages\/92\/revisions"}],"predecessor-version":[{"id":322,"href":"https:\/\/www.32ppp.de\/abilz\/wp-json\/wp\/v2\/pages\/92\/revisions\/322"}],"wp:featuredmedia":[{"embeddable":true,"href":"https:\/\/www.32ppp.de\/abilz\/wp-json\/wp\/v2\/media\/94"}],"wp:attachment":[{"href":"https:\/\/www.32ppp.de\/abilz\/wp-json\/wp\/v2\/media?parent=92"}],"curies":[{"name":"wp","href":"https:\/\/api.w.org\/{rel}","templated":true}]}}