{"id":24,"date":"2015-05-25T17:00:55","date_gmt":"2015-05-25T15:00:55","guid":{"rendered":"http:\/\/www.32ppp.de\/agoetz\/?page_id=24"},"modified":"2015-07-21T16:22:21","modified_gmt":"2015-07-21T14:22:21","slug":"das-pppcbyx","status":"publish","type":"page","link":"https:\/\/www.32ppp.de\/agoetz\/das-pppcbyx\/","title":{"rendered":"Das PPP\/CBYX"},"content":{"rendered":"<p style=\"text-align: center\"><strong>Was ist das PPP \u00fcberhaupt?<\/strong><\/p>\n<p>Das Parlamentarische Patenschaftsprogramm (<strong>PPP<\/strong>), auf Englisch Congress Bundestag Youth Exchange (<strong>CBYX<\/strong>), wurde 1983 aus Anlass des 300. Jahrestages der ersten deutschen Einwanderung in die USA von dem Kongress der USA und dem Bundestag ins Leben gerufen.<\/p>\n<p><a href=\"https:\/\/i0.wp.com\/www.32ppp.de\/agoetz\/wp-content\/uploads\/sites\/10\/2015\/05\/Bildschirmfoto-2015-05-27-um-14.14.061.png?ssl=1\" rel=\"lightbox[24]\"><img data-recalc-dims=\"1\" loading=\"lazy\" decoding=\"async\" data-attachment-id=\"74\" data-permalink=\"https:\/\/www.32ppp.de\/agoetz\/das-pppcbyx\/bildschirmfoto-2015-05-27-um-14-14-06-2\/#main\" data-orig-file=\"https:\/\/i0.wp.com\/www.32ppp.de\/agoetz\/wp-content\/uploads\/sites\/10\/2015\/05\/Bildschirmfoto-2015-05-27-um-14.14.061.png?fit=190%2C110&amp;ssl=1\" data-orig-size=\"190,110\" data-comments-opened=\"0\" data-image-meta=\"{&quot;aperture&quot;:&quot;0&quot;,&quot;credit&quot;:&quot;&quot;,&quot;camera&quot;:&quot;&quot;,&quot;caption&quot;:&quot;&quot;,&quot;created_timestamp&quot;:&quot;0&quot;,&quot;copyright&quot;:&quot;&quot;,&quot;focal_length&quot;:&quot;0&quot;,&quot;iso&quot;:&quot;0&quot;,&quot;shutter_speed&quot;:&quot;0&quot;,&quot;title&quot;:&quot;&quot;,&quot;orientation&quot;:&quot;0&quot;}\" data-image-title=\"Bildschirmfoto 2015-05-27 um 14.14.06\" data-image-description=\"\" data-image-caption=\"\" data-large-file=\"https:\/\/i0.wp.com\/www.32ppp.de\/agoetz\/wp-content\/uploads\/sites\/10\/2015\/05\/Bildschirmfoto-2015-05-27-um-14.14.061.png?fit=190%2C110&amp;ssl=1\" class=\"  wp-image-74 alignleft\" src=\"https:\/\/i0.wp.com\/www.32ppp.de\/agoetz\/wp-content\/uploads\/sites\/10\/2015\/05\/Bildschirmfoto-2015-05-27-um-14.14.061.png?resize=168%2C97&#038;ssl=1\" alt=\"Bildschirmfoto 2015-05-27 um 14.14.06\" width=\"168\" height=\"97\" \/><\/a><a href=\"https:\/\/i0.wp.com\/www.32ppp.de\/agoetz\/wp-content\/uploads\/sites\/10\/2015\/05\/Bildschirmfoto-2015-05-27-um-14.15.51.png?ssl=1\" rel=\"lightbox[24]\"><img data-recalc-dims=\"1\" loading=\"lazy\" decoding=\"async\" data-attachment-id=\"75\" data-permalink=\"https:\/\/www.32ppp.de\/agoetz\/das-pppcbyx\/bildschirmfoto-2015-05-27-um-14-15-51\/#main\" data-orig-file=\"https:\/\/i0.wp.com\/www.32ppp.de\/agoetz\/wp-content\/uploads\/sites\/10\/2015\/05\/Bildschirmfoto-2015-05-27-um-14.15.51.png?fit=223%2C163&amp;ssl=1\" data-orig-size=\"223,163\" data-comments-opened=\"0\" data-image-meta=\"{&quot;aperture&quot;:&quot;0&quot;,&quot;credit&quot;:&quot;&quot;,&quot;camera&quot;:&quot;&quot;,&quot;caption&quot;:&quot;&quot;,&quot;created_timestamp&quot;:&quot;0&quot;,&quot;copyright&quot;:&quot;&quot;,&quot;focal_length&quot;:&quot;0&quot;,&quot;iso&quot;:&quot;0&quot;,&quot;shutter_speed&quot;:&quot;0&quot;,&quot;title&quot;:&quot;&quot;,&quot;orientation&quot;:&quot;0&quot;}\" data-image-title=\"Bildschirmfoto 2015-05-27 um 14.15.51\" data-image-description=\"\" data-image-caption=\"\" data-large-file=\"https:\/\/i0.wp.com\/www.32ppp.de\/agoetz\/wp-content\/uploads\/sites\/10\/2015\/05\/Bildschirmfoto-2015-05-27-um-14.15.51.png?fit=223%2C163&amp;ssl=1\" class=\"  wp-image-75 alignright\" src=\"https:\/\/i0.wp.com\/www.32ppp.de\/agoetz\/wp-content\/uploads\/sites\/10\/2015\/05\/Bildschirmfoto-2015-05-27-um-14.15.51.png?resize=153%2C112&#038;ssl=1\" alt=\"Bildschirmfoto 2015-05-27 um 14.15.51\" width=\"153\" height=\"112\" \/><\/a><\/p>\n<p><strong>OK,\u00a0long story short:<\/strong><\/p>\n<p>Jedes Jahr werden deutschlandweit 75 junge Berufst\u00e4tige und 285 Sch\u00fcler\u00a0mit dem PPP Stipendium in die USA geschickt. Man muss sich einer langen und aufw\u00e4ndigen Bewerbungsphase unterziehen, das hei\u00dft, man muss sich zuerst online bei der GIZ (Gesellschaft f\u00fcr internationale Zusammenarbeit, Organisation der jungen Berufst\u00e4tigen) bewerben und allerhand ausf\u00fcllen.<\/p>\n<p>J\u00e4hrlich gehen \u00fcber 1.000 Bewerbungen ein. Daraus werden so um die 400 ausgesiebt und zu Auswahltagungen eingeladen (Bonn oder Berlin). Dort muss man Englischtests, Einzelgespr\u00e4che und Gruppenaufgaben durchlaufen um eben zu beweisen, dass man selbst am geeignetsten f\u00fcr das Programm ist. Die GIZ sortiert dann nochmals aus und schickt die (ungef\u00e4hr, je nach dem) drei besten\u00a0Bewerber an den Bundestagsabgeordneten des jeweiligen Wahlkreises (in meinem Fall WK 250). Der\/Die Abgeordnete entscheidet sich dann f\u00fcr den ihrer Meinung passenden\u00a0Bewerber und ist somit der <strong>Pate<\/strong> des jungen Berufst\u00e4tigen f\u00fcr das Austauschjahr.<\/p>\n<p><a href=\"http:\/\/www.bundestag.de\/ppp\">www.bundestag.de\/ppp<\/a><\/p>\n<p>Und dann hat man es geschafft&#8230; (Wie es bei mir pers\u00f6nlich war k\u00f6nnt ihr\u00a0<a href=\"https:\/\/www.32ppp.de\/agoetz\/2015\/05\/25\/und-dann-kommt-alles-anders-als-man-denkt\/\">hier<\/a> nachlesen) \ud83d\ude09<\/p>\n<p><em><span style=\"text-decoration: underline\"><strong>Die Bewerbungsphase:<\/strong><\/span><\/em><\/p>\n<p style=\"text-align: left\"><span style=\"text-decoration: underline\"><strong>Anfang Mai &#8211; 26. September:<\/strong><\/span> Online Bewerbung<br \/>\n<span style=\"text-decoration: underline\"><strong>Oktober\/November:<\/strong><\/span> Auswahltagung in Bonn\/Berlin<br \/>\nDann hei\u00dft es warten warten warten waaaaaaaarten&#8230;.<br \/>\n<span style=\"text-decoration: underline\"><strong>Mitte Februar:<\/strong><\/span> Bekanntgabe \u00fcber Teilnahme\/Nichtteilnahme; evtl. muss man nochmals zu seinem Abgeordneten<\/p>\n<p><em><strong><span style=\"text-decoration: underline\"><span style=\"color: #000000;text-decoration: underline\">Wenn man es dann geschafft hat, sieht das Programmjahr wie folgt aus:<\/span><\/span><br \/>\n<\/strong><\/em><br \/>\n<span style=\"text-decoration: underline\"><strong>April:<\/strong><\/span> Vorbereitungsseminare in 3 Gruppen \u00e0 25 Teilnehmern (durchgef\u00fchrt von der deutschen Organisation GIZ und Cultural Vistas (amerikanische Orga))<br \/>\n<span style=\"text-decoration: underline\"><strong>Anfang August:<\/strong><\/span> Ausreise nach New York; viert\u00e4giger Aufenthalt mit nochmals Seminaren<br \/>\n<span style=\"text-decoration: underline\"><strong>Dann Weiterreise zum Platzierungsort:<\/strong><\/span> Hierbei reist\u00a0man nicht bequem mit dem Flugzeug weiter, nein nein, wir sollen ja schlie\u00dflich Land und Leute kennenlernen.. Hei\u00dft also, dass man je nach Bundesstaat einige Tage bis Wochen unterwegs ist und immer mal so 2-4 Tage bei\u00a0einem &#8222;Zwischen-Stopp-Host&#8220; untergebracht wird, bis man eben sein endg\u00fcltiges Ziel erreicht hat. Ich selbst werde mit anderen PPP\u00b4lern in den<strong> Zug nach Chicago<\/strong> gesteckt,<strong> 19 Stunden Fahrt<\/strong> (aaah), und bin somit gleich am <strong>08.08.<\/strong> an meinem Wohnort und habe (leider) keinen Zwischenstopp.<br \/>\n<span style=\"text-decoration: underline\"><strong>August &#8211; Dezember:<\/strong><\/span> Studienzeit an Community Colleges: Man hat 12 credits, 6 davon m\u00fcssen berufsbezogen belegt werden, der Rest ist frei w\u00e4hlbar. Es ist auch m\u00f6glich, dass man das ganze Jahr auf dem College ist und nebenbei 20 Stunden w\u00f6chentlich arbeitet, wenn nicht dann geht es so weiter:<br \/>\n<span style=\"text-decoration: underline\"><strong>Januar &#8211; Juni:<\/strong><\/span> berufsbezogenes Praktikum in einem amerikanischen Unternehmen. Hierbei handelt es sich um ein bezahltes Praktikum, da wir in der zweiten Jahresh\u00e4lfte f\u00fcr unseren Unterhalt selbst aufkommen m\u00fcssen. Auch m\u00fcssen wir uns ein Auto kaufen.<br \/>\n<span style=\"text-decoration: underline\"><strong>Juli:<\/strong><\/span> im Sommer haben wir 3-4 Wochen Zeit die USA selbst zu erkunden. Am Ende geht es mit allen 75 Stipendiaten nach Washington D.C. f\u00fcr ein zweit\u00e4giges Abschlussseminar und die Heimreise nach Deutschland<\/p>\n<p>Ich hoffe, ich konnte Euch einen kleinen Einblick dar\u00fcber geben, was das Programm \u00fcberhaupt ist und was ich in den USA so treiben werde \ud83d\ude42<\/p>\n<p>&nbsp;<\/p>\n","protected":false},"excerpt":{"rendered":"<p>Was ist das PPP \u00fcberhaupt? Das Parlamentarische Patenschaftsprogramm (PPP), auf Englisch Congress Bundestag Youth Exchange (CBYX), wurde 1983 aus Anlass des 300. Jahrestages der ersten deutschen Einwanderung in die USA von dem Kongress der USA und dem Bundestag ins Leben gerufen. OK,\u00a0long story short: Jedes Jahr werden deutschlandweit 75 junge Berufst\u00e4tige und 285 Sch\u00fcler\u00a0mit dem &hellip; <a href=\"https:\/\/www.32ppp.de\/agoetz\/das-pppcbyx\/\" class=\"more-link\">Weiterlesen <span class=\"screen-reader-text\">Das PPP\/CBYX<\/span><\/a><\/p>\n","protected":false},"author":17,"featured_media":0,"parent":0,"menu_order":0,"comment_status":"open","ping_status":"open","template":"","meta":{"footnotes":""},"class_list":["post-24","page","type-page","status-publish","hentry","without-featured-image"],"jetpack_shortlink":"https:\/\/wp.me\/P6Wx9x-o","jetpack_sharing_enabled":true,"_links":{"self":[{"href":"https:\/\/www.32ppp.de\/agoetz\/wp-json\/wp\/v2\/pages\/24","targetHints":{"allow":["GET"]}}],"collection":[{"href":"https:\/\/www.32ppp.de\/agoetz\/wp-json\/wp\/v2\/pages"}],"about":[{"href":"https:\/\/www.32ppp.de\/agoetz\/wp-json\/wp\/v2\/types\/page"}],"author":[{"embeddable":true,"href":"https:\/\/www.32ppp.de\/agoetz\/wp-json\/wp\/v2\/users\/17"}],"replies":[{"embeddable":true,"href":"https:\/\/www.32ppp.de\/agoetz\/wp-json\/wp\/v2\/comments?post=24"}],"version-history":[{"count":14,"href":"https:\/\/www.32ppp.de\/agoetz\/wp-json\/wp\/v2\/pages\/24\/revisions"}],"predecessor-version":[{"id":140,"href":"https:\/\/www.32ppp.de\/agoetz\/wp-json\/wp\/v2\/pages\/24\/revisions\/140"}],"wp:attachment":[{"href":"https:\/\/www.32ppp.de\/agoetz\/wp-json\/wp\/v2\/media?parent=24"}],"curies":[{"name":"wp","href":"https:\/\/api.w.org\/{rel}","templated":true}]}}