{"id":2,"date":"2015-06-04T12:27:40","date_gmt":"2015-06-04T10:27:40","guid":{"rendered":"http:\/\/www.32ppp.de\/jmuellner\/?page_id=2"},"modified":"2015-07-21T13:27:14","modified_gmt":"2015-07-21T11:27:14","slug":"information","status":"publish","type":"page","link":"https:\/\/www.32ppp.de\/jmuellner\/information\/","title":{"rendered":"INFORMATION"},"content":{"rendered":"<p>Hi zusammen!<\/p>\n<p>Ich bin Judith, 22 Jahre und f\u00fcr ein Jahr in den USA.<\/p>\n<p>Halbes Jahr Studium an einem Community College, halbes Jahr Praktikum in einem Unternehmen. Ausgew\u00e4hlt von Frau Barbara Lanzinger (Danke nochmal an dieser Stelle) um wie weitere 74 Stipendiaten als Botschafter\/-in in die USA zu gehen.<\/p>\n<h3>Wenn ihr Lust habt, nehm ich euch ein bisschen mit.<\/h3>\n<p>Ich habe vor bestm\u00f6glichst dar\u00fcber zu berichten und zu versuchen meine Eindr\u00fccke hier niederzuschreiben. Aber hey, man will ja stets immer viel und am Ende kommt es doch anders. Ungef\u00e4hr wie das mit dem PPP und mir der Fall war. Ahnungslos sa\u00df ich damals im Auto einer Mitfahrgelegenheit und habe gegr\u00fcbelt, wo mich der Weg einst hinf\u00fchren soll. Zu Hause angekommen habe ich mich noch oft gefragt, was der da im Auto erz\u00e4hlt hat. Irgendwas mit Politik? PPP? Parlament und USA? Naja gefunden hab ichs dann tats\u00e4chlich und pl\u00f6tzlich kam ein Schritt nach dem anderen und es lief besser als gedacht!<\/p>\n<p>Umzug, Organisation, Visum, letzte \u00e4rztliche Untersuchungen, das alles treibt oder hat mich vor dem Start in die USA getrieben.<\/p>\n<p>Long story short:<\/p>\n<p>Auf dem Blog m\u00f6chte ich einen kleinen Einblick geben, wie sich das Jahr, diese Chance f\u00fcr mich anf\u00fchlt.<br \/>\nWelche Aufgaben, Emotionen, Menschen und Dinge mir in der Zeit begegnen und ber\u00fchren.<br \/>\nMit hoffentlich nicht all zu langweiligen Erz\u00e4hlungen und einer Menge Fotos!<\/p>\n<p>F\u00fcr mich selbst wird das eine ganz sch\u00f6n spannenende Sache! Wir werden sehen, wie das l\u00e4uft, viel Spa\u00df!<\/p>\n","protected":false},"excerpt":{"rendered":"<p>Hi zusammen! Ich bin Judith, 22 Jahre und f\u00fcr ein Jahr in den USA. Halbes Jahr Studium an einem Community College, halbes Jahr Praktikum in einem Unternehmen. Ausgew\u00e4hlt von Frau Barbara Lanzinger (Danke nochmal an dieser Stelle) um wie weitere 74 Stipendiaten als Botschafter\/-in in die USA zu gehen. Wenn ihr Lust habt, nehm ich [&hellip;]<\/p>\n","protected":false},"author":48,"featured_media":0,"parent":0,"menu_order":0,"comment_status":"closed","ping_status":"closed","template":"","meta":{"footnotes":""},"class_list":["post-2","page","type-page","status-publish","hentry"],"_links":{"self":[{"href":"https:\/\/www.32ppp.de\/jmuellner\/wp-json\/wp\/v2\/pages\/2","targetHints":{"allow":["GET"]}}],"collection":[{"href":"https:\/\/www.32ppp.de\/jmuellner\/wp-json\/wp\/v2\/pages"}],"about":[{"href":"https:\/\/www.32ppp.de\/jmuellner\/wp-json\/wp\/v2\/types\/page"}],"author":[{"embeddable":true,"href":"https:\/\/www.32ppp.de\/jmuellner\/wp-json\/wp\/v2\/users\/48"}],"replies":[{"embeddable":true,"href":"https:\/\/www.32ppp.de\/jmuellner\/wp-json\/wp\/v2\/comments?post=2"}],"version-history":[{"count":6,"href":"https:\/\/www.32ppp.de\/jmuellner\/wp-json\/wp\/v2\/pages\/2\/revisions"}],"predecessor-version":[{"id":88,"href":"https:\/\/www.32ppp.de\/jmuellner\/wp-json\/wp\/v2\/pages\/2\/revisions\/88"}],"wp:attachment":[{"href":"https:\/\/www.32ppp.de\/jmuellner\/wp-json\/wp\/v2\/media?parent=2"}],"curies":[{"name":"wp","href":"https:\/\/api.w.org\/{rel}","templated":true}]}}