{"id":94,"date":"2015-08-14T17:22:03","date_gmt":"2015-08-14T22:22:03","guid":{"rendered":"http:\/\/www.32ppp.de\/kstube\/?page_id=94"},"modified":"2015-08-14T17:29:29","modified_gmt":"2015-08-14T22:29:29","slug":"mein-platzierungsort","status":"publish","type":"page","link":"https:\/\/www.32ppp.de\/kstube\/mein-platzierungsort\/","title":{"rendered":"Mein Platzierungsort"},"content":{"rendered":"<p>Damit ihr \u00fcberhaupt wisst wo ich bin:<a href=\"https:\/\/www.32ppp.de\/kstube\/wp-content\/uploads\/sites\/30\/2015\/08\/Wisconsin.png\" rel=\"lightbox[94]\"><img loading=\"lazy\" decoding=\"async\" src=\"https:\/\/www.32ppp.de\/kstube\/wp-content\/uploads\/sites\/30\/2015\/08\/Wisconsin.png\" alt=\"Wisconsin\" width=\"285\" height=\"177\" class=\"alignnone size-full wp-image-95\" \/><\/a> Erst mal eine Karte wo Wisconsin der Bundestaat liegt.<br \/>\nWisconsin ist mit einer Fl\u00e4cche von 169.639 km\u00b2 auf Rang 23 innerhalb der 50 US-Staaten und ist etwa zweieinhalb mal so gro\u00df wie Bayern. 28.976 km\u00b2 davon ist Wasser und 46 % sind von Wald bedeckt. Es gibt 15.000 Seen und gro\u00dfe Waldgebiete in Wisconsin. Wisconsin hat eine L\u00e4nge von 500 km und eine Breite von 420 km. Wisconsin grenzt im Norden an den Oberen See und Michigan, im Osten an den Michigansee, im S\u00fcden an Illinois und im Westen an Iowa und Minnesota an. Aber ich will euch mehr \u00fcber meine &#8222;City&#8220; erz\u00e4hlen den so darf sie sich nennen.<br \/>\n<a href=\"https:\/\/www.32ppp.de\/kstube\/wp-content\/uploads\/sites\/30\/2015\/08\/iiiiiiiiiiiiiiiiiiiii.png\" rel=\"lightbox[94]\"><img loading=\"lazy\" decoding=\"async\" src=\"https:\/\/www.32ppp.de\/kstube\/wp-content\/uploads\/sites\/30\/2015\/08\/iiiiiiiiiiiiiiiiiiiii.png\" alt=\"iiiiiiiiiiiiiiiiiiiii\" width=\"211\" height=\"211\" class=\"alignnone size-full wp-image-101\" srcset=\"https:\/\/www.32ppp.de\/kstube\/wp-content\/uploads\/sites\/30\/2015\/08\/iiiiiiiiiiiiiiiiiiiii.png 211w, https:\/\/www.32ppp.de\/kstube\/wp-content\/uploads\/sites\/30\/2015\/08\/iiiiiiiiiiiiiiiiiiiii-150x150.png 150w\" sizes=\"auto, (max-width: 211px) 100vw, 211px\" \/><\/a><br \/>\nDie Stadt wurde 1861 gegr\u00fcndet und erstreckt sich \u00fcber 45,6 km\u00b2, die sich auf 42,2 km\u00b2 Land- und 3,3 km\u00b2 Wasserfl\u00e4che verteilen. Wausau hat um die 39.100 Einwohner und 134.000- Metropolregion-&gt; was das bedeutet werde ich hoffentlich noch herausfinden.<br \/>\nMehr Infos folgen dann bei einer Sightseeing Tour-&gt; Nat\u00fcrlich mit Bildern<\/p>\n","protected":false},"excerpt":{"rendered":"<p>Damit ihr \u00fcberhaupt wisst wo ich bin: Erst mal eine Karte wo Wisconsin der Bundestaat liegt. Wisconsin ist mit einer Fl\u00e4cche von 169.639 km\u00b2 auf Rang 23 innerhalb der 50 US-Staaten und ist etwa zweieinhalb mal so gro\u00df wie Bayern. 28.976 km\u00b2 davon ist Wasser und 46 % sind von Wald bedeckt. Es gibt 15.000 [&hellip;]<\/p>\n","protected":false},"author":36,"featured_media":0,"parent":0,"menu_order":0,"comment_status":"open","ping_status":"open","template":"","meta":{"footnotes":""},"class_list":["post-94","page","type-page","status-publish","hentry"],"_links":{"self":[{"href":"https:\/\/www.32ppp.de\/kstube\/wp-json\/wp\/v2\/pages\/94","targetHints":{"allow":["GET"]}}],"collection":[{"href":"https:\/\/www.32ppp.de\/kstube\/wp-json\/wp\/v2\/pages"}],"about":[{"href":"https:\/\/www.32ppp.de\/kstube\/wp-json\/wp\/v2\/types\/page"}],"author":[{"embeddable":true,"href":"https:\/\/www.32ppp.de\/kstube\/wp-json\/wp\/v2\/users\/36"}],"replies":[{"embeddable":true,"href":"https:\/\/www.32ppp.de\/kstube\/wp-json\/wp\/v2\/comments?post=94"}],"version-history":[{"count":4,"href":"https:\/\/www.32ppp.de\/kstube\/wp-json\/wp\/v2\/pages\/94\/revisions"}],"predecessor-version":[{"id":102,"href":"https:\/\/www.32ppp.de\/kstube\/wp-json\/wp\/v2\/pages\/94\/revisions\/102"}],"wp:attachment":[{"href":"https:\/\/www.32ppp.de\/kstube\/wp-json\/wp\/v2\/media?parent=94"}],"curies":[{"name":"wp","href":"https:\/\/api.w.org\/{rel}","templated":true}]}}