{"id":24,"date":"2015-07-31T22:06:53","date_gmt":"2015-07-31T20:06:53","guid":{"rendered":"http:\/\/www.32ppp.de\/lheller\/?page_id=24"},"modified":"2015-07-31T22:45:00","modified_gmt":"2015-07-31T20:45:00","slug":"das-ppp-2","status":"publish","type":"page","link":"https:\/\/www.32ppp.de\/lheller\/das-ppp-2\/","title":{"rendered":"Das PPP"},"content":{"rendered":"<p><a href=\"https:\/\/www.32ppp.de\/lheller\/wp-content\/uploads\/sites\/28\/2015\/07\/images.jpg\" rel=\"lightbox[24]\"><img loading=\"lazy\" decoding=\"async\" class=\"  aligncenter wp-image-29 size-full\" src=\"https:\/\/www.32ppp.de\/lheller\/wp-content\/uploads\/sites\/28\/2015\/07\/images.jpg\" alt=\"images\" width=\"162\" height=\"96\" \/><\/a><\/p>\n<p>Das Parlamentarische Patenschafts-Programm (PPP) ist ein Austauschprogramm, dass im September 1983 vom Deutschen Bundestag und dem Kongress der Vereinigten Staaten von Amerika zum 300. Jahrestag der deutschen Einwanderung in Amerika vereinbart wurde.<\/p>\n<p>Jedes Jahr d\u00fcrfen neben den 285 Sch\u00fclern auch 75 junge Berufst\u00e4tige aus ganz Deutschland mit dem PPP f\u00fcr ein Jahr nach Amerika. W\u00e4hrend des Jahres lebt man bei Gastfamilien bzw. im Studentenwohnheim, geht auf ein College und lernt das amerikanische Arbeitsleben kennen.<\/p>\n<p>Mehr Informationen zum PPP und zur Bewerbung gibt&#8217;s auf:\u00a0 www.bundestag.de\/ppp<\/p>\n","protected":false},"excerpt":{"rendered":"<p>Das Parlamentarische Patenschafts-Programm (PPP) ist ein Austauschprogramm, dass im September 1983 vom Deutschen Bundestag und dem Kongress der Vereinigten Staaten von Amerika zum 300. Jahrestag der deutschen Einwanderung in Amerika vereinbart wurde. Jedes Jahr d\u00fcrfen neben den 285 Sch\u00fclern auch 75 junge Berufst\u00e4tige aus ganz Deutschland mit dem PPP f\u00fcr ein Jahr nach Amerika. W\u00e4hrend [&hellip;]<\/p>\n","protected":false},"author":34,"featured_media":0,"parent":0,"menu_order":0,"comment_status":"open","ping_status":"open","template":"","meta":{"footnotes":""},"class_list":["post-24","page","type-page","status-publish","hentry"],"_links":{"self":[{"href":"https:\/\/www.32ppp.de\/lheller\/wp-json\/wp\/v2\/pages\/24","targetHints":{"allow":["GET"]}}],"collection":[{"href":"https:\/\/www.32ppp.de\/lheller\/wp-json\/wp\/v2\/pages"}],"about":[{"href":"https:\/\/www.32ppp.de\/lheller\/wp-json\/wp\/v2\/types\/page"}],"author":[{"embeddable":true,"href":"https:\/\/www.32ppp.de\/lheller\/wp-json\/wp\/v2\/users\/34"}],"replies":[{"embeddable":true,"href":"https:\/\/www.32ppp.de\/lheller\/wp-json\/wp\/v2\/comments?post=24"}],"version-history":[{"count":3,"href":"https:\/\/www.32ppp.de\/lheller\/wp-json\/wp\/v2\/pages\/24\/revisions"}],"predecessor-version":[{"id":30,"href":"https:\/\/www.32ppp.de\/lheller\/wp-json\/wp\/v2\/pages\/24\/revisions\/30"}],"wp:attachment":[{"href":"https:\/\/www.32ppp.de\/lheller\/wp-json\/wp\/v2\/media?parent=24"}],"curies":[{"name":"wp","href":"https:\/\/api.w.org\/{rel}","templated":true}]}}