{"id":2,"date":"2015-05-25T10:44:14","date_gmt":"2015-05-25T08:44:14","guid":{"rendered":"http:\/\/www.32ppp.de\/mkley\/?page_id=2"},"modified":"2015-09-27T07:39:01","modified_gmt":"2015-09-27T05:39:01","slug":"beispiel-seite","status":"publish","type":"page","link":"https:\/\/www.32ppp.de\/mkley\/beispiel-seite\/","title":{"rendered":"\u00dcber mich"},"content":{"rendered":"<p>Name: Melanie Kley<a href=\"https:\/\/www.32ppp.de\/mkley\/wp-content\/uploads\/sites\/24\/2015\/07\/11391382_10206976015862432_3292819503966040973_n.jpg\" rel=\"lightbox[2]\"><img loading=\"lazy\" decoding=\"async\" class=\"wp-image-97 alignleft\" src=\"https:\/\/www.32ppp.de\/mkley\/wp-content\/uploads\/sites\/24\/2015\/07\/11391382_10206976015862432_3292819503966040973_n-150x150.jpg\" alt=\"11391382_10206976015862432_3292819503966040973_n\" width=\"124\" height=\"124\" srcset=\"https:\/\/www.32ppp.de\/mkley\/wp-content\/uploads\/sites\/24\/2015\/07\/11391382_10206976015862432_3292819503966040973_n-150x150.jpg 150w, https:\/\/www.32ppp.de\/mkley\/wp-content\/uploads\/sites\/24\/2015\/07\/11391382_10206976015862432_3292819503966040973_n-604x610.jpg 604w, https:\/\/www.32ppp.de\/mkley\/wp-content\/uploads\/sites\/24\/2015\/07\/11391382_10206976015862432_3292819503966040973_n-90x90.jpg 90w\" sizes=\"auto, (max-width: 124px) 100vw, 124px\" \/><\/a><br \/>\nGeburtsdatum: 27.08.1991<br \/>\nGeburtsort: Minden<br \/>\nStaatsangeh\u00f6rigkeit deutsch<\/p>\n<hr \/>\n<p>&nbsp;<\/p>\n<p><em>Schulbildung<\/em><br \/>\n1998 &#8211; 2002 Grundschule Rodenbeck in Minden-Rodenbeck<br \/>\n2002 &#8211; 2012 Besselgymnasium Minden, Abschluss Abitur<br \/>\n2012 &#8211; 2015 Berufskolleg Bergisch Land, Blockunterricht f\u00fcr Bestattungsfachkr\u00e4fte<br \/>\nseit August 2015 Flathead Valley Community College<\/p>\n<p><em>Berufliche Ausbildung<\/em><br \/>\n2012 &#8211; 2015 Ausbildung zur Bestattungsfachkraft \/ Abschlusspr\u00fcfung im Juni\/Juli 2015<br \/>\nseit August 2015 Mitarbeiterin im Buffalo Hill Funeral Home &amp; Crematory<\/p>\n<p><em>Hobbies:<\/em><br \/>\nBessel Big Band, Feuerwehrmusikzug Holzhausen II, Motorrad fahren, Freunde treffen, lesen, &#8230;.<\/p>\n<p>&nbsp;<\/p>\n<p>F\u00fcr die Zeit in Amerika ist es notwendig, dass ich einen Beruf finde, der m\u00f6glichst viel mit meiner Ausbildung zu tun hat. Dies bedeutet, dass ich bestenfalls eine Stelle in einem amerikanischen Bestattungsunternehmen finde. Das Programm sieht vor, dass Teilnehmer in der ersten H\u00e4lfte des Jahres das College besuchen und in der zweiten H\u00e4lfte arbeiten gehen. F\u00fcr einige Teilnehmer besteht jedoch auch die M\u00f6glichkeit, \u00fcber ein ganzes Jahr hinweg teilzeit zu arbeiten (20 Stunden pro Woche) und teilzeit zu studieren. Diese zweite M\u00f6glichkeit trifft auf mich zu. Ich bin als &#8222;Part-Timer&#8220; eingeteilt worden und werde somit die M\u00f6glichkeit haben, \u00fcber das ganze Jahr hinweg neue Erfahrungen im Beruf und im College sammeln zu k\u00f6nnen.<\/p>\n<p>&nbsp;<\/p>\n","protected":false},"excerpt":{"rendered":"<p>Name: Melanie Kley Geburtsdatum: 27.08.1991 Geburtsort: Minden Staatsangeh\u00f6rigkeit deutsch &nbsp; Schulbildung 1998 &#8211; 2002 Grundschule Rodenbeck in Minden-Rodenbeck 2002 &#8211; 2012 Besselgymnasium Minden, Abschluss Abitur 2012 &#8211; 2015 Berufskolleg Bergisch Land, Blockunterricht f\u00fcr Bestattungsfachkr\u00e4fte seit August 2015 Flathead Valley Community College Berufliche Ausbildung 2012 &#8211; 2015 Ausbildung zur Bestattungsfachkraft \/ Abschlusspr\u00fcfung im Juni\/Juli 2015 seit &hellip; <a href=\"https:\/\/www.32ppp.de\/mkley\/beispiel-seite\/\" class=\"more-link\">Weiterlesen <span class=\"screen-reader-text\">\u00dcber mich<\/span><\/a><\/p>\n","protected":false},"author":30,"featured_media":0,"parent":0,"menu_order":0,"comment_status":"open","ping_status":"open","template":"","meta":{"footnotes":""},"class_list":["post-2","page","type-page","status-publish","hentry","without-featured-image"],"_links":{"self":[{"href":"https:\/\/www.32ppp.de\/mkley\/wp-json\/wp\/v2\/pages\/2","targetHints":{"allow":["GET"]}}],"collection":[{"href":"https:\/\/www.32ppp.de\/mkley\/wp-json\/wp\/v2\/pages"}],"about":[{"href":"https:\/\/www.32ppp.de\/mkley\/wp-json\/wp\/v2\/types\/page"}],"author":[{"embeddable":true,"href":"https:\/\/www.32ppp.de\/mkley\/wp-json\/wp\/v2\/users\/30"}],"replies":[{"embeddable":true,"href":"https:\/\/www.32ppp.de\/mkley\/wp-json\/wp\/v2\/comments?post=2"}],"version-history":[{"count":10,"href":"https:\/\/www.32ppp.de\/mkley\/wp-json\/wp\/v2\/pages\/2\/revisions"}],"predecessor-version":[{"id":171,"href":"https:\/\/www.32ppp.de\/mkley\/wp-json\/wp\/v2\/pages\/2\/revisions\/171"}],"wp:attachment":[{"href":"https:\/\/www.32ppp.de\/mkley\/wp-json\/wp\/v2\/media?parent=2"}],"curies":[{"name":"wp","href":"https:\/\/api.w.org\/{rel}","templated":true}]}}