{"id":37,"date":"2015-05-25T23:43:19","date_gmt":"2015-05-25T21:43:19","guid":{"rendered":"http:\/\/www.32ppp.de\/mkley\/?page_id=37"},"modified":"2015-07-30T19:56:32","modified_gmt":"2015-07-30T17:56:32","slug":"pppcbyx","status":"publish","type":"page","link":"https:\/\/www.32ppp.de\/mkley\/pppcbyx\/","title":{"rendered":"PPP\/CBYX"},"content":{"rendered":"<p style=\"text-align: left\"><a href=\"https:\/\/www.32ppp.de\/mkley\/wp-content\/uploads\/sites\/24\/2015\/07\/DSC00014.png\" rel=\"lightbox[37]\"><img loading=\"lazy\" decoding=\"async\" class=\"  wp-image-91 aligncenter\" src=\"https:\/\/www.32ppp.de\/mkley\/wp-content\/uploads\/sites\/24\/2015\/07\/DSC00014.png\" alt=\"DSC00014\" width=\"260\" height=\"181\" \/><\/a><\/p>\n<p style=\"text-align: left\"><em><strong>PPP &#8211; Parlamentarisches Patenschaftsprogramm<br \/>\nCBYX &#8211; Congress-Bundestag Youth Exchange<\/strong><\/em><\/p>\n<p>Das Parlamentarische Patenschaftsprogramm wurde 1983 als Teil der Jugendaustauschaktivit\u00e4ten des amerikanischen Pr\u00e4sidenten in Zusammenarbeit mit dem Deutschen Bundestag initiiert. Dieses Programm wurde aus Anlass der 300-Jahr-Feier der deutschen Einwanderung in die USA gegr\u00fcndet und symbolisiert die alte Freundschaft zwischen den USA und der Bundesrepublik Deutschland. Durch das Parlamentarische Patenschaftsprogramm haben unsere Parlamente bisher \u00fcber 17.000 jungen Deutschen und Amerikanern die M\u00f6glichkeit gegeben, eigene transatlantische Freundschaften zu schlie\u00dfen.<\/p>\n<p>Das Programm f\u00fcr junge Berufst\u00e4tige richtet sich an Teilnehmer aus technischen, kaufm\u00e4nnischen, agrarwirtschaftlichen und handwerklichen Berufen. In 2014-2015 werden 75 deutsche Teilnehmer nach Amerika reisen, w\u00e4hrend 75 Amerikaner Deutschland besuchen werden. Die Teilnehmer werden ein knappes Jahr in ihrem jeweiligen Gastland verbringen und dort bei einer Gastfamilie leben, studieren und arbeiten.<\/p>\n<p>Das Parlamentaische Patenschaftsprogramm wird vom amerikanischen Kongress und dem Deutschen Bundestag finanziert. In den USA werden die Geldmittel f\u00fcr das Programm durch das US Department of State (US Au\u00dfenministerium) verwaltet und werden f\u00fcr anerkannte Autauschorganisationen zur Verf\u00fcgung gestellt. Cultural Vistas wurde dieses Jahr zum 32. Mal die Aufgabe \u00fcbertragen, das Parlamentarische Patenschaftsprogramm auf amerikanischer Seite zu betreuen. Culturual Vistas und die GIZ arbeiten in diesem Programm als Partner zusammen.<\/p>\n<p>Mehr zum PPP unter: https:\/\/www.bundestag.de\/ppp\u00a0 und\u00a0 www.cbyx.info<br \/>\nMehr zur GIZ unter: www.giz.de<br \/>\nMehr zu Cultural Vistas unter: www.culturalvistas.org<\/p>\n","protected":false},"excerpt":{"rendered":"<p>PPP &#8211; Parlamentarisches Patenschaftsprogramm CBYX &#8211; Congress-Bundestag Youth Exchange Das Parlamentarische Patenschaftsprogramm wurde 1983 als Teil der Jugendaustauschaktivit\u00e4ten des amerikanischen Pr\u00e4sidenten in Zusammenarbeit mit dem Deutschen Bundestag initiiert. Dieses Programm wurde aus Anlass der 300-Jahr-Feier der deutschen Einwanderung in die USA gegr\u00fcndet und symbolisiert die alte Freundschaft zwischen den USA und der Bundesrepublik Deutschland. Durch &hellip; <a href=\"https:\/\/www.32ppp.de\/mkley\/pppcbyx\/\" class=\"more-link\">Weiterlesen <span class=\"screen-reader-text\">PPP\/CBYX<\/span><\/a><\/p>\n","protected":false},"author":30,"featured_media":0,"parent":0,"menu_order":0,"comment_status":"open","ping_status":"open","template":"","meta":{"footnotes":""},"class_list":["post-37","page","type-page","status-publish","hentry","without-featured-image"],"_links":{"self":[{"href":"https:\/\/www.32ppp.de\/mkley\/wp-json\/wp\/v2\/pages\/37","targetHints":{"allow":["GET"]}}],"collection":[{"href":"https:\/\/www.32ppp.de\/mkley\/wp-json\/wp\/v2\/pages"}],"about":[{"href":"https:\/\/www.32ppp.de\/mkley\/wp-json\/wp\/v2\/types\/page"}],"author":[{"embeddable":true,"href":"https:\/\/www.32ppp.de\/mkley\/wp-json\/wp\/v2\/users\/30"}],"replies":[{"embeddable":true,"href":"https:\/\/www.32ppp.de\/mkley\/wp-json\/wp\/v2\/comments?post=37"}],"version-history":[{"count":7,"href":"https:\/\/www.32ppp.de\/mkley\/wp-json\/wp\/v2\/pages\/37\/revisions"}],"predecessor-version":[{"id":95,"href":"https:\/\/www.32ppp.de\/mkley\/wp-json\/wp\/v2\/pages\/37\/revisions\/95"}],"wp:attachment":[{"href":"https:\/\/www.32ppp.de\/mkley\/wp-json\/wp\/v2\/media?parent=37"}],"curies":[{"name":"wp","href":"https:\/\/api.w.org\/{rel}","templated":true}]}}