{"id":12,"date":"2015-07-23T20:06:46","date_gmt":"2015-07-23T18:06:46","guid":{"rendered":"http:\/\/www.32ppp.de\/swild\/?page_id=12"},"modified":"2015-08-09T22:41:36","modified_gmt":"2015-08-09T20:41:36","slug":"deputy","status":"publish","type":"page","link":"https:\/\/www.32ppp.de\/swild\/deputy\/","title":{"rendered":"member of parliament"},"content":{"rendered":"<p style=\"padding-left: 30px\"><a href=\"https:\/\/www.32ppp.de\/swild\/wp-content\/uploads\/sites\/45\/2015\/07\/Georg-Dr.-N\u00fc\u00dflein.jpg\" rel=\"lightbox[12]\"><img loading=\"lazy\" decoding=\"async\" class=\" size-full wp-image-46 alignleft\" src=\"https:\/\/www.32ppp.de\/swild\/wp-content\/uploads\/sites\/45\/2015\/07\/Georg-Dr.-N\u00fc\u00dflein.jpg\" alt=\"Georg Dr. N\u00fc\u00dflein\" width=\"174\" height=\"261\" \/><\/a><\/p>\n<p style=\"padding-left: 30px\">Ein besonderes Dankesch\u00f6n an den Abgeordneten<br \/>\n<strong>Dr. Georg N\u00fc\u00dflein<\/strong>, da er mich f\u00fcr meinen Wahlkreis<br \/>\nals Teilnehmer ausgew\u00e4hlt hat\u00a0&amp; somit mir die<br \/>\nChance erm\u00f6glicht hat ein Jahr in der USA zu leben.<\/p>\n<p style=\"padding-left: 30px\"><a href=\"http:\/\/www.georg-nuesslein.de\">www.georg-nuesslein.de<\/a><\/p>\n","protected":false},"excerpt":{"rendered":"<p>Ein besonderes Dankesch\u00f6n an den Abgeordneten Dr. Georg N\u00fc\u00dflein, da er mich f\u00fcr meinen Wahlkreis als Teilnehmer ausgew\u00e4hlt hat\u00a0&amp; somit mir die Chance erm\u00f6glicht hat ein Jahr in der USA zu leben. www.georg-nuesslein.de<\/p>\n","protected":false},"author":51,"featured_media":0,"parent":0,"menu_order":0,"comment_status":"closed","ping_status":"closed","template":"","meta":{"jetpack_post_was_ever_published":false,"footnotes":""},"class_list":["post-12","page","type-page","status-publish","hentry"],"jetpack_sharing_enabled":true,"jetpack_shortlink":"https:\/\/wp.me\/P6wNn4-c","_links":{"self":[{"href":"https:\/\/www.32ppp.de\/swild\/wp-json\/wp\/v2\/pages\/12","targetHints":{"allow":["GET"]}}],"collection":[{"href":"https:\/\/www.32ppp.de\/swild\/wp-json\/wp\/v2\/pages"}],"about":[{"href":"https:\/\/www.32ppp.de\/swild\/wp-json\/wp\/v2\/types\/page"}],"author":[{"embeddable":true,"href":"https:\/\/www.32ppp.de\/swild\/wp-json\/wp\/v2\/users\/51"}],"replies":[{"embeddable":true,"href":"https:\/\/www.32ppp.de\/swild\/wp-json\/wp\/v2\/comments?post=12"}],"version-history":[{"count":23,"href":"https:\/\/www.32ppp.de\/swild\/wp-json\/wp\/v2\/pages\/12\/revisions"}],"predecessor-version":[{"id":129,"href":"https:\/\/www.32ppp.de\/swild\/wp-json\/wp\/v2\/pages\/12\/revisions\/129"}],"wp:attachment":[{"href":"https:\/\/www.32ppp.de\/swild\/wp-json\/wp\/v2\/media?parent=12"}],"curies":[{"name":"wp","href":"https:\/\/api.w.org\/{rel}","templated":true}]}}