{"id":14,"date":"2015-07-23T20:07:42","date_gmt":"2015-07-23T18:07:42","guid":{"rendered":"http:\/\/www.32ppp.de\/swild\/?page_id=14"},"modified":"2015-07-24T14:01:44","modified_gmt":"2015-07-24T12:01:44","slug":"my-placement-location","status":"publish","type":"page","link":"https:\/\/www.32ppp.de\/swild\/my-placement-location\/","title":{"rendered":"my placement location"},"content":{"rendered":"<div id=\"wpgmza_map\" class=\"wpgmza_map\" data-settings='{\"id\":\"1\",\"map_title\":\"Platzierung\",\"map_width\":\"100\",\"map_height\":\"400\",\"map_start_lat\":\"40.158182\",\"map_start_lng\":\"-97.339156\",\"map_start_location\":\"40.15818152262111,-97.3391561230469\",\"map_start_zoom\":\"4\",\"default_marker\":\"0\",\"type\":\"1\",\"alignment\":\"1\",\"directions_enabled\":\"1\",\"styling_enabled\":\"0\",\"styling_json\":\"\",\"active\":\"0\",\"kml\":\"\",\"bicycle\":\"0\",\"traffic\":\"0\",\"dbox\":\"1\",\"dbox_width\":\"250\",\"listmarkers\":\"0\",\"listmarkers_advanced\":\"0\",\"filterbycat\":\"0\",\"ugm_enabled\":\"0\",\"ugm_category_enabled\":\"0\",\"fusion\":\"\",\"map_width_type\":\"\\\\%\",\"map_height_type\":\"px\",\"mass_marker_support\":\"1\",\"ugm_access\":\"0\",\"order_markers_by\":\"1\",\"order_markers_choice\":\"2\",\"show_user_location\":\"0\",\"default_to\":\"\",\"other_settings\":{\"store_locator_enabled\":2,\"store_locator_distance\":2,\"store_locator_bounce\":1,\"store_locator_query_string\":\"ZIP \\\/ Address:\",\"wpgmza_store_locator_restrict\":\"\",\"map_max_zoom\":\"1\",\"transport_layer\":0}}' data-map-id='1' Data-maps-engine='' data-shortcode-attributes='{\"id\":\"1\"}' style=\"display:block; overflow:auto; width:100%; height:400px; float:left;\"><\/div>\n<p>In Udell (Iowa) werde ich f\u00fcr ein Jahr leben!<\/p>\n<p>Melissa und Bryce sind meine Hosteltern &amp; leben auf einer gro\u00dfen Farm, ihre S\u00f6hne Kyle (20) und Luke (16) leben ebenso dort. Sie haben 5 Hunde &amp; einige Katzen, sowie\u00a0Schweine &amp; Rinder.<\/p>\n<p>Centerville, die Stadt, befindet sich keine 15 Km entfernt von meinem neuen Wohnort &amp; dort befindet sich auch mein College auf das ich Part-Time gehen werde.<\/p>\n","protected":false},"excerpt":{"rendered":"<p>In Udell (Iowa) werde ich f\u00fcr ein Jahr leben! Melissa und Bryce sind meine Hosteltern &amp; leben auf einer gro\u00dfen Farm, ihre S\u00f6hne Kyle (20) und Luke (16) leben ebenso dort. Sie haben 5 Hunde &amp; einige Katzen, sowie\u00a0Schweine &amp; Rinder. Centerville, die Stadt, befindet sich keine 15 Km entfernt von meinem neuen Wohnort &amp; [&hellip;]<\/p>\n","protected":false},"author":51,"featured_media":0,"parent":0,"menu_order":0,"comment_status":"closed","ping_status":"closed","template":"","meta":{"jetpack_post_was_ever_published":false,"footnotes":""},"class_list":["post-14","page","type-page","status-publish","hentry"],"jetpack_sharing_enabled":true,"jetpack_shortlink":"https:\/\/wp.me\/P6wNn4-e","_links":{"self":[{"href":"https:\/\/www.32ppp.de\/swild\/wp-json\/wp\/v2\/pages\/14","targetHints":{"allow":["GET"]}}],"collection":[{"href":"https:\/\/www.32ppp.de\/swild\/wp-json\/wp\/v2\/pages"}],"about":[{"href":"https:\/\/www.32ppp.de\/swild\/wp-json\/wp\/v2\/types\/page"}],"author":[{"embeddable":true,"href":"https:\/\/www.32ppp.de\/swild\/wp-json\/wp\/v2\/users\/51"}],"replies":[{"embeddable":true,"href":"https:\/\/www.32ppp.de\/swild\/wp-json\/wp\/v2\/comments?post=14"}],"version-history":[{"count":4,"href":"https:\/\/www.32ppp.de\/swild\/wp-json\/wp\/v2\/pages\/14\/revisions"}],"predecessor-version":[{"id":41,"href":"https:\/\/www.32ppp.de\/swild\/wp-json\/wp\/v2\/pages\/14\/revisions\/41"}],"wp:attachment":[{"href":"https:\/\/www.32ppp.de\/swild\/wp-json\/wp\/v2\/media?parent=14"}],"curies":[{"name":"wp","href":"https:\/\/api.w.org\/{rel}","templated":true}]}}