{"id":16,"date":"2015-07-23T20:08:23","date_gmt":"2015-07-23T18:08:23","guid":{"rendered":"http:\/\/www.32ppp.de\/swild\/?page_id=16"},"modified":"2015-07-28T23:22:44","modified_gmt":"2015-07-28T21:22:44","slug":"pppcbyx","status":"publish","type":"page","link":"https:\/\/www.32ppp.de\/swild\/pppcbyx\/","title":{"rendered":"PPP\/CBYX"},"content":{"rendered":"<p><a href=\"https:\/\/www.32ppp.de\/swild\/wp-content\/uploads\/sites\/45\/2015\/07\/logo-data.jpg\" rel=\"lightbox[16]\"><img loading=\"lazy\" decoding=\"async\" class=\"  wp-image-61 aligncenter\" src=\"https:\/\/www.32ppp.de\/swild\/wp-content\/uploads\/sites\/45\/2015\/07\/logo-data.jpg\" alt=\"logo-data\" width=\"297\" height=\"176\" \/><\/a><\/p>\n<p>Das <span style=\"color: #ff0000\">Parlamentarische Patenschafts-Programm<\/span> gibt seit 1983 jedes Jahr Sch\u00fclerinnen und Sch\u00fclern sowie jungen Berufst\u00e4tigen die M\u00f6glichkeit, mit einem Stipendium des Deutschen Bundestages ein Austauschjahr in den USA zu erleben. Zeitgleich sind junge US-Amerikaner zu einem Austauschjahr zu Gast in Deutschland. Das PPP ist ein gemeinsames Programm des Deutschen Bundestages und des US-Congress. Es steht unter der Schirmherrschaft des Bundestagspr\u00e4sidenten.<\/p>\n<p>&nbsp;<\/p>\n<p>&nbsp;<\/p>\n","protected":false},"excerpt":{"rendered":"<p>Das Parlamentarische Patenschafts-Programm gibt seit 1983 jedes Jahr Sch\u00fclerinnen und Sch\u00fclern sowie jungen Berufst\u00e4tigen die M\u00f6glichkeit, mit einem Stipendium des Deutschen Bundestages ein Austauschjahr in den USA zu erleben. Zeitgleich sind junge US-Amerikaner zu einem Austauschjahr zu Gast in Deutschland. Das PPP ist ein gemeinsames Programm des Deutschen Bundestages und des US-Congress. Es steht unter [&hellip;]<\/p>\n","protected":false},"author":51,"featured_media":0,"parent":0,"menu_order":0,"comment_status":"closed","ping_status":"closed","template":"","meta":{"jetpack_post_was_ever_published":false,"footnotes":""},"class_list":["post-16","page","type-page","status-publish","hentry"],"jetpack_sharing_enabled":true,"jetpack_shortlink":"https:\/\/wp.me\/P6wNn4-g","_links":{"self":[{"href":"https:\/\/www.32ppp.de\/swild\/wp-json\/wp\/v2\/pages\/16","targetHints":{"allow":["GET"]}}],"collection":[{"href":"https:\/\/www.32ppp.de\/swild\/wp-json\/wp\/v2\/pages"}],"about":[{"href":"https:\/\/www.32ppp.de\/swild\/wp-json\/wp\/v2\/types\/page"}],"author":[{"embeddable":true,"href":"https:\/\/www.32ppp.de\/swild\/wp-json\/wp\/v2\/users\/51"}],"replies":[{"embeddable":true,"href":"https:\/\/www.32ppp.de\/swild\/wp-json\/wp\/v2\/comments?post=16"}],"version-history":[{"count":7,"href":"https:\/\/www.32ppp.de\/swild\/wp-json\/wp\/v2\/pages\/16\/revisions"}],"predecessor-version":[{"id":65,"href":"https:\/\/www.32ppp.de\/swild\/wp-json\/wp\/v2\/pages\/16\/revisions\/65"}],"wp:attachment":[{"href":"https:\/\/www.32ppp.de\/swild\/wp-json\/wp\/v2\/media?parent=16"}],"curies":[{"name":"wp","href":"https:\/\/api.w.org\/{rel}","templated":true}]}}